{"id":40,"date":"2025-05-24T12:59:35","date_gmt":"2025-05-24T10:59:35","guid":{"rendered":"https:\/\/soulplacerinteln.de\/blog\/?page_id=40"},"modified":"2025-05-24T14:59:56","modified_gmt":"2025-05-24T12:59:56","slug":"welcome","status":"publish","type":"page","link":"https:\/\/soulplacerinteln.de\/blog\/","title":{"rendered":"Welcome"},"content":{"rendered":"<p>[et_pb_section fb_built=&#8220;1&#8243; custom_padding_last_edited=&#8220;on|tablet&#8220; admin_label=&#8220;Header&#8220; _builder_version=&#8220;4.27.4&#8243; background_color=&#8220;#a47391&#8243; background_enable_image=&#8220;off&#8220; background_size=&#8220;contain&#8220; background_position=&#8220;top_right&#8220; custom_margin=&#8220;0px||||false|false&#8220; custom_padding=&#8220;0px||||false|false&#8220; custom_padding_tablet=&#8220;60px||||false|false&#8220; custom_padding_phone=&#8220;&#8220; global_colors_info=&#8220;{}&#8220;][et_pb_row _builder_version=&#8220;4.16&#8243; custom_padding=&#8220;0px||0px||true|false&#8220; global_colors_info=&#8220;{}&#8220;][et_pb_column type=&#8220;4_4&#8243; _builder_version=&#8220;4.16&#8243; z_index=&#8220;10&#8243; custom_padding=&#8220;30px||||false|false&#8220; custom_padding_tablet=&#8220;0px||||false|false&#8220; custom_padding_phone=&#8220;&#8220; custom_padding_last_edited=&#8220;on|tablet&#8220; global_colors_info=&#8220;{}&#8220;][et_pb_image src=&#8220;https:\/\/soulplacerinteln.de\/blog\/wp-content\/uploads\/2025\/05\/soulplace_Logo.png&#8220; title_text=&#8220;soulplace_Logo&#8220; show_bottom_space=&#8220;off&#8220; align=&#8220;center&#8220; _builder_version=&#8220;4.27.4&#8243; background_enable_color=&#8220;off&#8220; background_enable_image=&#8220;off&#8220; custom_margin=&#8220;||50px|0px|false|false&#8220; custom_margin_tablet=&#8220;|||0px|false|false&#8220; custom_margin_phone=&#8220;&#8220; custom_margin_last_edited=&#8220;on|tablet&#8220; global_colors_info=&#8220;{}&#8220;][\/et_pb_image][\/et_pb_column][\/et_pb_row][\/et_pb_section][et_pb_section fb_built=&#8220;1&#8243; _builder_version=&#8220;4.27.4&#8243; _module_preset=&#8220;default&#8220; background_color=&#8220;#d5cec2&#8243; custom_margin=&#8220;0px||0px||false|false&#8220; custom_padding=&#8220;0px||0px||false|false&#8220; global_colors_info=&#8220;{}&#8220;][et_pb_row _builder_version=&#8220;4.27.4&#8243; _module_preset=&#8220;default&#8220; global_colors_info=&#8220;{}&#8220;][et_pb_column type=&#8220;4_4&#8243; _builder_version=&#8220;4.27.4&#8243; _module_preset=&#8220;default&#8220; global_colors_info=&#8220;{}&#8220;][et_pb_text _builder_version=&#8220;4.27.4&#8243; _module_preset=&#8220;default&#8220; header_text_color=&#8220;rgba(0,0,0,0.51)&#8220; global_colors_info=&#8220;{}&#8220;]<\/p>\n<h1 style=\"text-align: center;\"><strong>Herzlich Willkommen und sch\u00f6n, dass Du da bist!<\/strong><\/h1>\n<p>[\/et_pb_text][\/et_pb_column][\/et_pb_row][\/et_pb_section][et_pb_section fb_built=&#8220;1&#8243; _builder_version=&#8220;4.27.4&#8243; _module_preset=&#8220;default&#8220; background_color=&#8220;#d5cec2&#8243; custom_margin=&#8220;0px||0px||false|false&#8220; custom_padding=&#8220;0px||0px||false|false&#8220; global_colors_info=&#8220;{}&#8220;][et_pb_row column_structure=&#8220;2_5,3_5&#8243; _builder_version=&#8220;4.27.4&#8243; _module_preset=&#8220;default&#8220; global_colors_info=&#8220;{}&#8220;][et_pb_column type=&#8220;2_5&#8243; _builder_version=&#8220;4.27.4&#8243; _module_preset=&#8220;default&#8220; global_colors_info=&#8220;{}&#8220;][et_pb_image src=&#8220;https:\/\/soulplacerinteln.de\/blog\/wp-content\/uploads\/2025\/05\/1.jpg&#8220; title_text=&#8220;1&#8243; _builder_version=&#8220;4.27.4&#8243; _module_preset=&#8220;default&#8220; custom_margin=&#8220;||-121px|||&#8220; box_shadow_style=&#8220;preset2&#8243; global_colors_info=&#8220;{}&#8220; transform_styles__hover_enabled=&#8220;on|hover&#8220; transform_scale__hover_enabled=&#8220;on|hover&#8220; transform_translate__hover_enabled=&#8220;on|desktop&#8220; transform_rotate__hover_enabled=&#8220;on|desktop&#8220; transform_skew__hover_enabled=&#8220;on|desktop&#8220; transform_origin__hover_enabled=&#8220;on|desktop&#8220; transform_scale__hover=&#8220;108%|108%&#8220;][\/et_pb_image][\/et_pb_column][et_pb_column type=&#8220;3_5&#8243; _builder_version=&#8220;4.27.4&#8243; _module_preset=&#8220;default&#8220; global_colors_info=&#8220;{}&#8220;][et_pb_text _builder_version=&#8220;4.27.4&#8243; _module_preset=&#8220;default&#8220; text_text_color=&#8220;rgba(0,0,0,0.51)&#8220; text_font_size=&#8220;20px&#8220; custom_margin=&#8220;50px||||false|false&#8220; custom_padding=&#8220;50px||20px||false|false&#8220; global_colors_info=&#8220;{}&#8220;]<\/p>\n<p style=\"text-align: justify;\">Wir sind Heike und Carola und gemeinsam haben wir Soul Place kreiert. Soul Place besteht aus zwei eigenst\u00e4ndigen Yogastudios, die zusammen an einen Ort gebracht wurden. Wir arbeiten beide unabh\u00e4ngig voneinander, werden jedoch auch gemeinsame Workshops und Events anbieten.<\/p>\n<p style=\"text-align: justify;\">Wir wollen R\u00e4ume schaffen, die K\u00f6rper, Geist und Seele in Einklang bringen und dich bei deiner pers\u00f6nlichen Entfaltung unterst\u00fctzen. Egal welches Alter, Geschlecht, Fitnesslevel oder welche K\u00f6rperform du mitbringst: Wir glauben daran, dass jeder von uns seine eigene Reise hat, und wir m\u00f6chten dich auf diesem Weg in ein ges\u00fcnderes, fitteres Leben begleiten.<\/p>\n<p style=\"text-align: justify;\">Yoga bedeutet f\u00fcr uns: Ankommen \u2013 im K\u00f6rper, im Moment, bei dir selbst.<\/p>\n<p style=\"text-align: justify;\">Als zertifizierte Yogalehrerinnen bieten wir Kurse an, die dich sanft in Bewegung bringen, deine K\u00f6rperwahrnehmung st\u00e4rken und dir helfen, wieder mehr bei dir selbst anzukommen \u2013 ohne Leistungsdruck, ohne Vergleiche.<\/p>\n<p>[\/et_pb_text][\/et_pb_column][\/et_pb_row][et_pb_row _builder_version=&#8220;4.27.4&#8243; _module_preset=&#8220;default&#8220; global_colors_info=&#8220;{}&#8220;][et_pb_column type=&#8220;4_4&#8243; _builder_version=&#8220;4.27.4&#8243; _module_preset=&#8220;default&#8220; global_colors_info=&#8220;{}&#8220;][et_pb_text _builder_version=&#8220;4.27.4&#8243; _module_preset=&#8220;default&#8220; text_text_color=&#8220;rgba(0,0,0,0.51)&#8220; text_font_size=&#8220;24px&#8220; global_colors_info=&#8220;{}&#8220;]<\/p>\n<p style=\"text-align: center;\">Infos zu Kurspl\u00e4nen, Preisen und mehr findest Du auf unseren jeweiligen Homepages.<\/p>\n<p style=\"text-align: center;\">Klicke dazu einfach auf das jeweilige Bild von Heike oder Carola, und Du wirst direkt weitergeleitet \ud83d\ude0a<\/p>\n<p>[\/et_pb_text][\/et_pb_column][\/et_pb_row][\/et_pb_section][et_pb_section fb_built=&#8220;1&#8243; _builder_version=&#8220;4.27.4&#8243; _module_preset=&#8220;default&#8220; background_color=&#8220;#f1f1f1&#8243; global_colors_info=&#8220;{}&#8220;][et_pb_row column_structure=&#8220;1_2,1_2&#8243; _builder_version=&#8220;4.27.4&#8243; _module_preset=&#8220;default&#8220; global_colors_info=&#8220;{}&#8220;][et_pb_column type=&#8220;1_2&#8243; _builder_version=&#8220;4.27.4&#8243; _module_preset=&#8220;default&#8220; global_colors_info=&#8220;{}&#8220;][et_pb_text _builder_version=&#8220;4.27.4&#8243; _module_preset=&#8220;default&#8220; header_2_text_color=&#8220;rgba(0,0,0,0.51)&#8220; header_2_font_size=&#8220;24px&#8220; global_colors_info=&#8220;{}&#8220;]<\/p>\n<h2 style=\"text-align: center;\">Zur Webseite von Carola<\/h2>\n<h2 style=\"text-align: center;\"><a href=\"https:\/\/www.samasamayoga.de\" target=\"_blank\" rel=\"noopener\">samasamayoga.de<\/a><\/h2>\n<p>[\/et_pb_text][et_pb_image src=&#8220;https:\/\/soulplacerinteln.de\/blog\/wp-content\/uploads\/2025\/05\/7.jpg&#8220; title_text=&#8220;7&#8243; url=&#8220;https:\/\/www.samasamayoga.de&#8220; url_new_window=&#8220;on&#8220; _builder_version=&#8220;4.27.4&#8243; _module_preset=&#8220;default&#8220; global_colors_info=&#8220;{}&#8220;][\/et_pb_image][\/et_pb_column][et_pb_column type=&#8220;1_2&#8243; _builder_version=&#8220;4.27.4&#8243; _module_preset=&#8220;default&#8220; global_colors_info=&#8220;{}&#8220;][et_pb_text _builder_version=&#8220;4.27.4&#8243; _module_preset=&#8220;default&#8220; header_2_text_color=&#8220;rgba(0,0,0,0.51)&#8220; header_2_font_size=&#8220;24px&#8220; hover_enabled=&#8220;0&#8243; global_colors_info=&#8220;{}&#8220; sticky_enabled=&#8220;0&#8243;]<\/p>\n<h2 style=\"text-align: center;\">Zur Webseite von Heike<\/h2>\n<h2 style=\"text-align: center;\"><a href=\"https:\/\/www.onespirityogamitheike.com\/\" target=\"_blank\" rel=\"noopener\">onespirityogamitheike.com<\/a><\/h2>\n<p>[\/et_pb_text][et_pb_image src=&#8220;https:\/\/soulplacerinteln.de\/blog\/wp-content\/uploads\/2025\/05\/8.jpg&#8220; title_text=&#8220;8&#8243; url=&#8220;https:\/\/www.onespirityogamitheike.com\/&#8220; url_new_window=&#8220;on&#8220; _builder_version=&#8220;4.27.4&#8243; _module_preset=&#8220;default&#8220; max_width=&#8220;95%&#8220; hover_enabled=&#8220;0&#8243; global_colors_info=&#8220;{}&#8220; sticky_enabled=&#8220;0&#8243;][\/et_pb_image][\/et_pb_column][\/et_pb_row][\/et_pb_section][et_pb_section fb_built=&#8220;1&#8243; _builder_version=&#8220;4.27.4&#8243; _module_preset=&#8220;default&#8220; background_color=&#8220;#a47391&#8243; global_colors_info=&#8220;{}&#8220;][et_pb_row _builder_version=&#8220;4.27.4&#8243; _module_preset=&#8220;default&#8220; global_colors_info=&#8220;{}&#8220;][et_pb_column type=&#8220;4_4&#8243; _builder_version=&#8220;4.27.4&#8243; _module_preset=&#8220;default&#8220; global_colors_info=&#8220;{}&#8220;][et_pb_text _builder_version=&#8220;4.27.4&#8243; _module_preset=&#8220;default&#8220; text_text_color=&#8220;#d5cec2&#8243; text_font_size=&#8220;30px&#8220; text_line_height=&#8220;1.8em&#8220; global_colors_info=&#8220;{}&#8220;]<\/p>\n<p style=\"text-align: center;\">Wir freuen uns dich auf deiner Matte in unseren Studios begr\u00fc\u00dfen zu d\u00fcrfen!<\/p>\n<p style=\"text-align: center;\">Heike &amp; Carola<\/p>\n<p>[\/et_pb_text][et_pb_image src=&#8220;https:\/\/soulplacerinteln.de\/blog\/wp-content\/uploads\/2025\/05\/Lotus_Logo.png&#8220; title_text=&#8220;Lotus_Logo&#8220; align=&#8220;center&#8220; _builder_version=&#8220;4.27.4&#8243; _module_preset=&#8220;default&#8220; max_width=&#8220;18%&#8220; global_colors_info=&#8220;{}&#8220;][\/et_pb_image][\/et_pb_column][\/et_pb_row][\/et_pb_section]<\/p>\n","protected":false},"excerpt":{"rendered":"<p>Herzlich Willkommen und sch\u00f6n, dass Du da bist!Wir sind Heike und Carola und gemeinsam haben wir Soul Place kreiert. Soul Place besteht aus zwei eigenst\u00e4ndigen Yogastudios, die zusammen an einen Ort gebracht wurden. Wir arbeiten beide unabh\u00e4ngig voneinander, werden jedoch auch gemeinsame Workshops und Events anbieten. Wir wollen R\u00e4ume schaffen, die K\u00f6rper, Geist und Seele [&hellip;]<\/p>\n","protected":false},"author":1,"featured_media":0,"parent":0,"menu_order":0,"comment_status":"closed","ping_status":"closed","template":"","meta":{"_et_pb_use_builder":"on","_et_pb_old_content":"","_et_gb_content_width":"","footnotes":""},"class_list":["post-40","page","type-page","status-publish","hentry"],"_links":{"self":[{"href":"https:\/\/soulplacerinteln.de\/blog\/wp-json\/wp\/v2\/pages\/40","targetHints":{"allow":["GET"]}}],"collection":[{"href":"https:\/\/soulplacerinteln.de\/blog\/wp-json\/wp\/v2\/pages"}],"about":[{"href":"https:\/\/soulplacerinteln.de\/blog\/wp-json\/wp\/v2\/types\/page"}],"author":[{"embeddable":true,"href":"https:\/\/soulplacerinteln.de\/blog\/wp-json\/wp\/v2\/users\/1"}],"replies":[{"embeddable":true,"href":"https:\/\/soulplacerinteln.de\/blog\/wp-json\/wp\/v2\/comments?post=40"}],"version-history":[{"count":22,"href":"https:\/\/soulplacerinteln.de\/blog\/wp-json\/wp\/v2\/pages\/40\/revisions"}],"predecessor-version":[{"id":113,"href":"https:\/\/soulplacerinteln.de\/blog\/wp-json\/wp\/v2\/pages\/40\/revisions\/113"}],"wp:attachment":[{"href":"https:\/\/soulplacerinteln.de\/blog\/wp-json\/wp\/v2\/media?parent=40"}],"curies":[{"name":"wp","href":"https:\/\/api.w.org\/{rel}","templated":true}]}}